{"id":864,"date":"2021-03-31T15:26:08","date_gmt":"2021-03-31T19:26:08","guid":{"rendered":"https:\/\/servipharm.ca\/societeimpression\/?post_type=product&#038;p=864"},"modified":"2021-04-29T14:26:06","modified_gmt":"2021-04-29T18:26:06","slug":"et3a-p-etiquette-amovible-proxim-10-000-boite","status":"publish","type":"product","link":"https:\/\/servipharm.ca\/societeimpression\/produit\/et3a-p-etiquette-amovible-proxim-10-000-boite\/","title":{"rendered":"ET3A-P \u2013 \u00c9tiquette Amovible \u2013 Proxim \u2013 10 000\/bo\u00eete"},"content":{"rendered":"","protected":false},"excerpt":{"rendered":"","protected":false},"featured_media":0,"template":"","meta":[],"product_cat":[23,28],"product_tag":[],"acf":[],"yoast_head":"<!-- This site is optimized with the Yoast SEO plugin v17.6 - https:\/\/yoast.com\/wordpress\/plugins\/seo\/ -->\n<meta name=\"robots\" content=\"index, follow, max-snippet:-1, max-image-preview:large, max-video-preview:-1\" \/>\n<link rel=\"canonical\" href=\"https:\/\/servipharm.ca\/societeimpression\/produit\/et3a-p-etiquette-amovible-proxim-10-000-boite\/\" \/>\n<meta property=\"og:locale\" content=\"fr_FR\" \/>\n<meta property=\"og:type\" content=\"article\" \/>\n<meta property=\"og:title\" content=\"ET3A-P \u2013 \u00c9tiquette Amovible \u2013 Proxim \u2013 10 000\/bo\u00eete - Soci\u00e9t\u00e9 d&#039;impression\" \/>\n<meta property=\"og:url\" content=\"https:\/\/servipharm.ca\/societeimpression\/produit\/et3a-p-etiquette-amovible-proxim-10-000-boite\/\" \/>\n<meta property=\"og:site_name\" content=\"Soci\u00e9t\u00e9 d&#039;impression\" \/>\n<meta property=\"article:modified_time\" content=\"2021-04-29T18:26:06+00:00\" \/>\n<meta name=\"twitter:card\" content=\"summary_large_image\" \/>\n<script type=\"application\/ld+json\" class=\"yoast-schema-graph\">{\"@context\":\"https:\/\/schema.org\",\"@graph\":[{\"@type\":\"WebSite\",\"@id\":\"https:\/\/servipharm.ca\/societeimpression\/#website\",\"url\":\"https:\/\/servipharm.ca\/societeimpression\/\",\"name\":\"Soci\\u00e9t\\u00e9 d&#039;impression\",\"description\":\"Un site utilisant Servipharm\",\"potentialAction\":[{\"@type\":\"SearchAction\",\"target\":{\"@type\":\"EntryPoint\",\"urlTemplate\":\"https:\/\/servipharm.ca\/societeimpression\/?s={search_term_string}\"},\"query-input\":\"required name=search_term_string\"}],\"inLanguage\":\"fr-FR\"},{\"@type\":\"WebPage\",\"@id\":\"https:\/\/servipharm.ca\/societeimpression\/produit\/et3a-p-etiquette-amovible-proxim-10-000-boite\/#webpage\",\"url\":\"https:\/\/servipharm.ca\/societeimpression\/produit\/et3a-p-etiquette-amovible-proxim-10-000-boite\/\",\"name\":\"ET3A-P \\u2013 \\u00c9tiquette Amovible \\u2013 Proxim \\u2013 10 000\/bo\\u00eete - Soci\\u00e9t\\u00e9 d&#039;impression\",\"isPartOf\":{\"@id\":\"https:\/\/servipharm.ca\/societeimpression\/#website\"},\"datePublished\":\"2021-03-31T19:26:08+00:00\",\"dateModified\":\"2021-04-29T18:26:06+00:00\",\"breadcrumb\":{\"@id\":\"https:\/\/servipharm.ca\/societeimpression\/produit\/et3a-p-etiquette-amovible-proxim-10-000-boite\/#breadcrumb\"},\"inLanguage\":\"fr-FR\",\"potentialAction\":[{\"@type\":\"ReadAction\",\"target\":[\"https:\/\/servipharm.ca\/societeimpression\/produit\/et3a-p-etiquette-amovible-proxim-10-000-boite\/\"]}]},{\"@type\":\"BreadcrumbList\",\"@id\":\"https:\/\/servipharm.ca\/societeimpression\/produit\/et3a-p-etiquette-amovible-proxim-10-000-boite\/#breadcrumb\",\"itemListElement\":[{\"@type\":\"ListItem\",\"position\":1,\"name\":\"Boutique\",\"item\":\"https:\/\/servipharm.ca\/societeimpression\/boutique\/\"},{\"@type\":\"ListItem\",\"position\":2,\"name\":\"ET3A-P \\u2013 \\u00c9tiquette Amovible \\u2013 Proxim \\u2013 10 000\/bo\\u00eete\"}]}]}<\/script>\n<!-- \/ Yoast SEO plugin. -->","yoast_head_json":{"robots":{"index":"index","follow":"follow","max-snippet":"max-snippet:-1","max-image-preview":"max-image-preview:large","max-video-preview":"max-video-preview:-1"},"canonical":"https:\/\/servipharm.ca\/societeimpression\/produit\/et3a-p-etiquette-amovible-proxim-10-000-boite\/","og_locale":"fr_FR","og_type":"article","og_title":"ET3A-P \u2013 \u00c9tiquette Amovible \u2013 Proxim \u2013 10 000\/bo\u00eete - Soci\u00e9t\u00e9 d&#039;impression","og_url":"https:\/\/servipharm.ca\/societeimpression\/produit\/et3a-p-etiquette-amovible-proxim-10-000-boite\/","og_site_name":"Soci\u00e9t\u00e9 d&#039;impression","article_modified_time":"2021-04-29T18:26:06+00:00","twitter_card":"summary_large_image","schema":{"@context":"https:\/\/schema.org","@graph":[{"@type":"WebSite","@id":"https:\/\/servipharm.ca\/societeimpression\/#website","url":"https:\/\/servipharm.ca\/societeimpression\/","name":"Soci\u00e9t\u00e9 d&#039;impression","description":"Un site utilisant Servipharm","potentialAction":[{"@type":"SearchAction","target":{"@type":"EntryPoint","urlTemplate":"https:\/\/servipharm.ca\/societeimpression\/?s={search_term_string}"},"query-input":"required name=search_term_string"}],"inLanguage":"fr-FR"},{"@type":"WebPage","@id":"https:\/\/servipharm.ca\/societeimpression\/produit\/et3a-p-etiquette-amovible-proxim-10-000-boite\/#webpage","url":"https:\/\/servipharm.ca\/societeimpression\/produit\/et3a-p-etiquette-amovible-proxim-10-000-boite\/","name":"ET3A-P \u2013 \u00c9tiquette Amovible \u2013 Proxim \u2013 10 000\/bo\u00eete - Soci\u00e9t\u00e9 d&#039;impression","isPartOf":{"@id":"https:\/\/servipharm.ca\/societeimpression\/#website"},"datePublished":"2021-03-31T19:26:08+00:00","dateModified":"2021-04-29T18:26:06+00:00","breadcrumb":{"@id":"https:\/\/servipharm.ca\/societeimpression\/produit\/et3a-p-etiquette-amovible-proxim-10-000-boite\/#breadcrumb"},"inLanguage":"fr-FR","potentialAction":[{"@type":"ReadAction","target":["https:\/\/servipharm.ca\/societeimpression\/produit\/et3a-p-etiquette-amovible-proxim-10-000-boite\/"]}]},{"@type":"BreadcrumbList","@id":"https:\/\/servipharm.ca\/societeimpression\/produit\/et3a-p-etiquette-amovible-proxim-10-000-boite\/#breadcrumb","itemListElement":[{"@type":"ListItem","position":1,"name":"Boutique","item":"https:\/\/servipharm.ca\/societeimpression\/boutique\/"},{"@type":"ListItem","position":2,"name":"ET3A-P \u2013 \u00c9tiquette Amovible \u2013 Proxim \u2013 10 000\/bo\u00eete"}]}]}},"_links":{"self":[{"href":"https:\/\/servipharm.ca\/societeimpression\/wp-json\/wp\/v2\/product\/864"}],"collection":[{"href":"https:\/\/servipharm.ca\/societeimpression\/wp-json\/wp\/v2\/product"}],"about":[{"href":"https:\/\/servipharm.ca\/societeimpression\/wp-json\/wp\/v2\/types\/product"}],"wp:attachment":[{"href":"https:\/\/servipharm.ca\/societeimpression\/wp-json\/wp\/v2\/media?parent=864"}],"wp:term":[{"taxonomy":"product_cat","embeddable":true,"href":"https:\/\/servipharm.ca\/societeimpression\/wp-json\/wp\/v2\/product_cat?post=864"},{"taxonomy":"product_tag","embeddable":true,"href":"https:\/\/servipharm.ca\/societeimpression\/wp-json\/wp\/v2\/product_tag?post=864"}],"curies":[{"name":"wp","href":"https:\/\/api.w.org\/{rel}","templated":true}]}}