{"id":492,"date":"2020-11-26T09:22:26","date_gmt":"2020-11-26T14:22:26","guid":{"rendered":"https:\/\/servipharm.ca\/societeimpression\/?post_type=product&#038;p=492"},"modified":"2020-12-08T14:27:23","modified_gmt":"2020-12-08T19:27:23","slug":"recu-personnalise-acces-pharma-modele-2","status":"publish","type":"product","link":"https:\/\/servipharm.ca\/societeimpression\/produit\/recu-personnalise-acces-pharma-modele-2\/","title":{"rendered":"Re\u00e7u Personnalis\u00e9 \u2013 Acces Pharma \u2013 Mod\u00e8le 2"},"content":{"rendered":"","protected":false},"excerpt":{"rendered":"","protected":false},"featured_media":0,"template":"","meta":[],"product_cat":[28,31],"product_tag":[],"acf":[],"yoast_head":"<!-- This site is optimized with the Yoast SEO plugin v17.6 - https:\/\/yoast.com\/wordpress\/plugins\/seo\/ -->\n<meta name=\"robots\" content=\"index, follow, max-snippet:-1, max-image-preview:large, max-video-preview:-1\" \/>\n<link rel=\"canonical\" href=\"https:\/\/servipharm.ca\/societeimpression\/produit\/recu-personnalise-acces-pharma-modele-2\/\" \/>\n<meta property=\"og:locale\" content=\"fr_FR\" \/>\n<meta property=\"og:type\" content=\"article\" \/>\n<meta property=\"og:title\" content=\"Re\u00e7u Personnalis\u00e9 \u2013 Acces Pharma \u2013 Mod\u00e8le 2 - Soci\u00e9t\u00e9 d&#039;impression\" \/>\n<meta property=\"og:url\" content=\"https:\/\/servipharm.ca\/societeimpression\/produit\/recu-personnalise-acces-pharma-modele-2\/\" \/>\n<meta property=\"og:site_name\" content=\"Soci\u00e9t\u00e9 d&#039;impression\" \/>\n<meta property=\"article:modified_time\" content=\"2020-12-08T19:27:23+00:00\" \/>\n<meta name=\"twitter:card\" content=\"summary_large_image\" \/>\n<script type=\"application\/ld+json\" class=\"yoast-schema-graph\">{\"@context\":\"https:\/\/schema.org\",\"@graph\":[{\"@type\":\"WebSite\",\"@id\":\"https:\/\/servipharm.ca\/societeimpression\/#website\",\"url\":\"https:\/\/servipharm.ca\/societeimpression\/\",\"name\":\"Soci\\u00e9t\\u00e9 d&#039;impression\",\"description\":\"Un site utilisant Servipharm\",\"potentialAction\":[{\"@type\":\"SearchAction\",\"target\":{\"@type\":\"EntryPoint\",\"urlTemplate\":\"https:\/\/servipharm.ca\/societeimpression\/?s={search_term_string}\"},\"query-input\":\"required name=search_term_string\"}],\"inLanguage\":\"fr-FR\"},{\"@type\":\"WebPage\",\"@id\":\"https:\/\/servipharm.ca\/societeimpression\/produit\/recu-personnalise-acces-pharma-modele-2\/#webpage\",\"url\":\"https:\/\/servipharm.ca\/societeimpression\/produit\/recu-personnalise-acces-pharma-modele-2\/\",\"name\":\"Re\\u00e7u Personnalis\\u00e9 \\u2013 Acces Pharma \\u2013 Mod\\u00e8le 2 - Soci\\u00e9t\\u00e9 d&#039;impression\",\"isPartOf\":{\"@id\":\"https:\/\/servipharm.ca\/societeimpression\/#website\"},\"datePublished\":\"2020-11-26T14:22:26+00:00\",\"dateModified\":\"2020-12-08T19:27:23+00:00\",\"breadcrumb\":{\"@id\":\"https:\/\/servipharm.ca\/societeimpression\/produit\/recu-personnalise-acces-pharma-modele-2\/#breadcrumb\"},\"inLanguage\":\"fr-FR\",\"potentialAction\":[{\"@type\":\"ReadAction\",\"target\":[\"https:\/\/servipharm.ca\/societeimpression\/produit\/recu-personnalise-acces-pharma-modele-2\/\"]}]},{\"@type\":\"BreadcrumbList\",\"@id\":\"https:\/\/servipharm.ca\/societeimpression\/produit\/recu-personnalise-acces-pharma-modele-2\/#breadcrumb\",\"itemListElement\":[{\"@type\":\"ListItem\",\"position\":1,\"name\":\"Boutique\",\"item\":\"https:\/\/servipharm.ca\/societeimpression\/boutique\/\"},{\"@type\":\"ListItem\",\"position\":2,\"name\":\"Re\\u00e7u Personnalis\\u00e9 \\u2013 Acces Pharma \\u2013 Mod\\u00e8le 2\"}]}]}<\/script>\n<!-- \/ Yoast SEO plugin. -->","yoast_head_json":{"robots":{"index":"index","follow":"follow","max-snippet":"max-snippet:-1","max-image-preview":"max-image-preview:large","max-video-preview":"max-video-preview:-1"},"canonical":"https:\/\/servipharm.ca\/societeimpression\/produit\/recu-personnalise-acces-pharma-modele-2\/","og_locale":"fr_FR","og_type":"article","og_title":"Re\u00e7u Personnalis\u00e9 \u2013 Acces Pharma \u2013 Mod\u00e8le 2 - Soci\u00e9t\u00e9 d&#039;impression","og_url":"https:\/\/servipharm.ca\/societeimpression\/produit\/recu-personnalise-acces-pharma-modele-2\/","og_site_name":"Soci\u00e9t\u00e9 d&#039;impression","article_modified_time":"2020-12-08T19:27:23+00:00","twitter_card":"summary_large_image","schema":{"@context":"https:\/\/schema.org","@graph":[{"@type":"WebSite","@id":"https:\/\/servipharm.ca\/societeimpression\/#website","url":"https:\/\/servipharm.ca\/societeimpression\/","name":"Soci\u00e9t\u00e9 d&#039;impression","description":"Un site utilisant Servipharm","potentialAction":[{"@type":"SearchAction","target":{"@type":"EntryPoint","urlTemplate":"https:\/\/servipharm.ca\/societeimpression\/?s={search_term_string}"},"query-input":"required name=search_term_string"}],"inLanguage":"fr-FR"},{"@type":"WebPage","@id":"https:\/\/servipharm.ca\/societeimpression\/produit\/recu-personnalise-acces-pharma-modele-2\/#webpage","url":"https:\/\/servipharm.ca\/societeimpression\/produit\/recu-personnalise-acces-pharma-modele-2\/","name":"Re\u00e7u Personnalis\u00e9 \u2013 Acces Pharma \u2013 Mod\u00e8le 2 - Soci\u00e9t\u00e9 d&#039;impression","isPartOf":{"@id":"https:\/\/servipharm.ca\/societeimpression\/#website"},"datePublished":"2020-11-26T14:22:26+00:00","dateModified":"2020-12-08T19:27:23+00:00","breadcrumb":{"@id":"https:\/\/servipharm.ca\/societeimpression\/produit\/recu-personnalise-acces-pharma-modele-2\/#breadcrumb"},"inLanguage":"fr-FR","potentialAction":[{"@type":"ReadAction","target":["https:\/\/servipharm.ca\/societeimpression\/produit\/recu-personnalise-acces-pharma-modele-2\/"]}]},{"@type":"BreadcrumbList","@id":"https:\/\/servipharm.ca\/societeimpression\/produit\/recu-personnalise-acces-pharma-modele-2\/#breadcrumb","itemListElement":[{"@type":"ListItem","position":1,"name":"Boutique","item":"https:\/\/servipharm.ca\/societeimpression\/boutique\/"},{"@type":"ListItem","position":2,"name":"Re\u00e7u Personnalis\u00e9 \u2013 Acces Pharma \u2013 Mod\u00e8le 2"}]}]}},"_links":{"self":[{"href":"https:\/\/servipharm.ca\/societeimpression\/wp-json\/wp\/v2\/product\/492"}],"collection":[{"href":"https:\/\/servipharm.ca\/societeimpression\/wp-json\/wp\/v2\/product"}],"about":[{"href":"https:\/\/servipharm.ca\/societeimpression\/wp-json\/wp\/v2\/types\/product"}],"wp:attachment":[{"href":"https:\/\/servipharm.ca\/societeimpression\/wp-json\/wp\/v2\/media?parent=492"}],"wp:term":[{"taxonomy":"product_cat","embeddable":true,"href":"https:\/\/servipharm.ca\/societeimpression\/wp-json\/wp\/v2\/product_cat?post=492"},{"taxonomy":"product_tag","embeddable":true,"href":"https:\/\/servipharm.ca\/societeimpression\/wp-json\/wp\/v2\/product_tag?post=492"}],"curies":[{"name":"wp","href":"https:\/\/api.w.org\/{rel}","templated":true}]}}