{"id":236,"date":"2018-03-15T12:45:54","date_gmt":"2018-03-15T16:45:54","guid":{"rendered":"https:\/\/servipharm.ca\/societeimpression\/?post_type=product&#038;p=236"},"modified":"2024-04-12T09:54:40","modified_gmt":"2024-04-12T13:54:40","slug":"etiquette-jean-coutu-modele-2","status":"publish","type":"product","link":"https:\/\/servipharm.ca\/societeimpression\/produit\/etiquette-jean-coutu-modele-2\/","title":{"rendered":"\u00c9tiquette Robot &#8211; Jean Coutu &#8211; Mod\u00e8le 2 \u2013 20 000\/Bo\u00eete (Minimum 2 bo\u00eetes)"},"content":{"rendered":"","protected":false},"excerpt":{"rendered":"","protected":false},"featured_media":0,"template":"","meta":[],"product_cat":[26,28],"product_tag":[],"acf":[],"yoast_head":"<!-- This site is optimized with the Yoast SEO plugin v17.6 - https:\/\/yoast.com\/wordpress\/plugins\/seo\/ -->\n<meta name=\"robots\" content=\"index, follow, max-snippet:-1, max-image-preview:large, max-video-preview:-1\" \/>\n<link rel=\"canonical\" href=\"https:\/\/servipharm.ca\/societeimpression\/produit\/etiquette-jean-coutu-modele-2\/\" \/>\n<meta property=\"og:locale\" content=\"fr_FR\" \/>\n<meta property=\"og:type\" content=\"article\" \/>\n<meta property=\"og:title\" content=\"\u00c9tiquette Robot - Jean Coutu - Mod\u00e8le 2 \u2013 20 000\/Bo\u00eete (Minimum 2 bo\u00eetes) - Soci\u00e9t\u00e9 d&#039;impression\" \/>\n<meta property=\"og:url\" content=\"https:\/\/servipharm.ca\/societeimpression\/produit\/etiquette-jean-coutu-modele-2\/\" \/>\n<meta property=\"og:site_name\" content=\"Soci\u00e9t\u00e9 d&#039;impression\" \/>\n<meta property=\"article:modified_time\" content=\"2024-04-12T13:54:40+00:00\" \/>\n<meta name=\"twitter:card\" content=\"summary_large_image\" \/>\n<script type=\"application\/ld+json\" class=\"yoast-schema-graph\">{\"@context\":\"https:\/\/schema.org\",\"@graph\":[{\"@type\":\"WebSite\",\"@id\":\"https:\/\/servipharm.ca\/societeimpression\/#website\",\"url\":\"https:\/\/servipharm.ca\/societeimpression\/\",\"name\":\"Soci\\u00e9t\\u00e9 d&#039;impression\",\"description\":\"Un site utilisant Servipharm\",\"potentialAction\":[{\"@type\":\"SearchAction\",\"target\":{\"@type\":\"EntryPoint\",\"urlTemplate\":\"https:\/\/servipharm.ca\/societeimpression\/?s={search_term_string}\"},\"query-input\":\"required name=search_term_string\"}],\"inLanguage\":\"fr-FR\"},{\"@type\":\"WebPage\",\"@id\":\"https:\/\/servipharm.ca\/societeimpression\/produit\/etiquette-jean-coutu-modele-2\/#webpage\",\"url\":\"https:\/\/servipharm.ca\/societeimpression\/produit\/etiquette-jean-coutu-modele-2\/\",\"name\":\"\\u00c9tiquette Robot - Jean Coutu - Mod\\u00e8le 2 \\u2013 20 000\/Bo\\u00eete (Minimum 2 bo\\u00eetes) - Soci\\u00e9t\\u00e9 d&#039;impression\",\"isPartOf\":{\"@id\":\"https:\/\/servipharm.ca\/societeimpression\/#website\"},\"datePublished\":\"2018-03-15T16:45:54+00:00\",\"dateModified\":\"2024-04-12T13:54:40+00:00\",\"breadcrumb\":{\"@id\":\"https:\/\/servipharm.ca\/societeimpression\/produit\/etiquette-jean-coutu-modele-2\/#breadcrumb\"},\"inLanguage\":\"fr-FR\",\"potentialAction\":[{\"@type\":\"ReadAction\",\"target\":[\"https:\/\/servipharm.ca\/societeimpression\/produit\/etiquette-jean-coutu-modele-2\/\"]}]},{\"@type\":\"BreadcrumbList\",\"@id\":\"https:\/\/servipharm.ca\/societeimpression\/produit\/etiquette-jean-coutu-modele-2\/#breadcrumb\",\"itemListElement\":[{\"@type\":\"ListItem\",\"position\":1,\"name\":\"Boutique\",\"item\":\"https:\/\/servipharm.ca\/societeimpression\/boutique\/\"},{\"@type\":\"ListItem\",\"position\":2,\"name\":\"\\u00c9tiquette Robot &#8211; Jean Coutu &#8211; Mod\\u00e8le 2 \\u2013 20 000\/Bo\\u00eete (Minimum 2 bo\\u00eetes)\"}]}]}<\/script>\n<!-- \/ Yoast SEO plugin. -->","yoast_head_json":{"robots":{"index":"index","follow":"follow","max-snippet":"max-snippet:-1","max-image-preview":"max-image-preview:large","max-video-preview":"max-video-preview:-1"},"canonical":"https:\/\/servipharm.ca\/societeimpression\/produit\/etiquette-jean-coutu-modele-2\/","og_locale":"fr_FR","og_type":"article","og_title":"\u00c9tiquette Robot - Jean Coutu - Mod\u00e8le 2 \u2013 20 000\/Bo\u00eete (Minimum 2 bo\u00eetes) - Soci\u00e9t\u00e9 d&#039;impression","og_url":"https:\/\/servipharm.ca\/societeimpression\/produit\/etiquette-jean-coutu-modele-2\/","og_site_name":"Soci\u00e9t\u00e9 d&#039;impression","article_modified_time":"2024-04-12T13:54:40+00:00","twitter_card":"summary_large_image","schema":{"@context":"https:\/\/schema.org","@graph":[{"@type":"WebSite","@id":"https:\/\/servipharm.ca\/societeimpression\/#website","url":"https:\/\/servipharm.ca\/societeimpression\/","name":"Soci\u00e9t\u00e9 d&#039;impression","description":"Un site utilisant Servipharm","potentialAction":[{"@type":"SearchAction","target":{"@type":"EntryPoint","urlTemplate":"https:\/\/servipharm.ca\/societeimpression\/?s={search_term_string}"},"query-input":"required name=search_term_string"}],"inLanguage":"fr-FR"},{"@type":"WebPage","@id":"https:\/\/servipharm.ca\/societeimpression\/produit\/etiquette-jean-coutu-modele-2\/#webpage","url":"https:\/\/servipharm.ca\/societeimpression\/produit\/etiquette-jean-coutu-modele-2\/","name":"\u00c9tiquette Robot - Jean Coutu - Mod\u00e8le 2 \u2013 20 000\/Bo\u00eete (Minimum 2 bo\u00eetes) - Soci\u00e9t\u00e9 d&#039;impression","isPartOf":{"@id":"https:\/\/servipharm.ca\/societeimpression\/#website"},"datePublished":"2018-03-15T16:45:54+00:00","dateModified":"2024-04-12T13:54:40+00:00","breadcrumb":{"@id":"https:\/\/servipharm.ca\/societeimpression\/produit\/etiquette-jean-coutu-modele-2\/#breadcrumb"},"inLanguage":"fr-FR","potentialAction":[{"@type":"ReadAction","target":["https:\/\/servipharm.ca\/societeimpression\/produit\/etiquette-jean-coutu-modele-2\/"]}]},{"@type":"BreadcrumbList","@id":"https:\/\/servipharm.ca\/societeimpression\/produit\/etiquette-jean-coutu-modele-2\/#breadcrumb","itemListElement":[{"@type":"ListItem","position":1,"name":"Boutique","item":"https:\/\/servipharm.ca\/societeimpression\/boutique\/"},{"@type":"ListItem","position":2,"name":"\u00c9tiquette Robot &#8211; Jean Coutu &#8211; Mod\u00e8le 2 \u2013 20 000\/Bo\u00eete (Minimum 2 bo\u00eetes)"}]}]}},"_links":{"self":[{"href":"https:\/\/servipharm.ca\/societeimpression\/wp-json\/wp\/v2\/product\/236"}],"collection":[{"href":"https:\/\/servipharm.ca\/societeimpression\/wp-json\/wp\/v2\/product"}],"about":[{"href":"https:\/\/servipharm.ca\/societeimpression\/wp-json\/wp\/v2\/types\/product"}],"wp:attachment":[{"href":"https:\/\/servipharm.ca\/societeimpression\/wp-json\/wp\/v2\/media?parent=236"}],"wp:term":[{"taxonomy":"product_cat","embeddable":true,"href":"https:\/\/servipharm.ca\/societeimpression\/wp-json\/wp\/v2\/product_cat?post=236"},{"taxonomy":"product_tag","embeddable":true,"href":"https:\/\/servipharm.ca\/societeimpression\/wp-json\/wp\/v2\/product_tag?post=236"}],"curies":[{"name":"wp","href":"https:\/\/api.w.org\/{rel}","templated":true}]}}